{"id":30,"date":"2014-02-14T13:20:52","date_gmt":"2014-02-14T12:20:52","guid":{"rendered":"http:\/\/gershausen.de\/?page_id=30"},"modified":"2016-10-08T15:29:29","modified_gmt":"2016-10-08T13:29:29","slug":"impressum","status":"publish","type":"page","link":"https:\/\/gershausen.de\/?page_id=30","title":{"rendered":"Impressum"},"content":{"rendered":"<p>Inhaltlich Verantwortlicher (lt. TDG u. MDStV):<\/p>\n<p>Andreas Gangl<\/p>\n<p>Silbergraben 18<\/p>\n<p>36275 Kirchheim<\/p>\n<p>eMail: <a href=\"mailto:webmaster@gershausen.de\">webmaster (at) gershausen.de<\/a><\/p>\n<h2>Rechtshinweis:<\/h2>\n<p>Gershausen.de \u00fcbernimmt keine Gew\u00e4hr f\u00fcr die Richtigkeit, Vollst\u00e4ndigkeit und Aktualit\u00e4t der auf der Website befindlichen Daten und Information.<\/p>\n<p>Ebenso \u00fcbernimmt Gershausen.de keine Haftung f\u00fcr direkte oder indirekte Sch\u00e4den, die durch die Nutzung der auf der Website befindlichen Daten und Informationen entstehen.<\/p>\n<p>In jedem Falle haftet Gershausen.de nur bei vors\u00e4tzlicher oder grob fahrl\u00e4ssiger Verursachung eines Schadens, soweit nicht zwingende gesetzliche Vorschriften eine uneingeschr\u00e4nkte Haftung vorsehen.<\/p>\n<p>Die Nutzung des Internets erfolgt auf eigene Gefahr des Nutzers. Gershausen.de haftet insbesondere nicht f\u00fcr den technisch bedingten Ausfall des Internets bzw. des Zugangs zum Internet.<\/p>\n<p>Es ist gestattet, einen Hyperlink (Internetverkn\u00fcpfung) auf die Website zu setzen, soweit er allein der Querreferenz dient. Das Framen der Website ist nicht gestattet.<\/p>\n<p>Gershausen.de erm\u00f6glicht es dem Nutzer, \u00fcber Verweise und Hyperlinks auf die Websites anderer Anbieter zuzugreifen. Hyperlinks auf andere Anbieter wurden durch dGershausen.de nicht gepr\u00fcft, die Haftung f\u00fcr deren Inhalte ist ausgeschlossen.<\/p>\n<p>Gershausen.de distanziert sich hiermit ausdr\u00fccklich von allen Inhalten s\u00e4mtlicher gelinkter Seiten auf seinen Internetseiten und verweist darauf, dass er weder Einfluss auf Gestaltung und Inhalte der gelinkten Seiten hat noch sich diese Inhalte zu eigen macht.<\/p>\n<p>F\u00fcr rechtswidrige, fehlerhafte oder unvollst\u00e4ndige Inhalte und f\u00fcr Sch\u00e4den, die aufgrund der Nutzung eines hinter dem Verweis oder Hyperlink liegenden Inhalts verursacht worden sind, haftet Gershausen.de daher nicht.<\/p>\n","protected":false},"excerpt":{"rendered":"<p>Inhaltlich Verantwortlicher (lt. TDG u. MDStV): Andreas Gangl Silbergraben 18 36275 Kirchheim eMail: webmaster (at) gershausen.de Rechtshinweis: Gershausen.de \u00fcbernimmt keine Gew\u00e4hr f\u00fcr die Richtigkeit, Vollst\u00e4ndigkeit und Aktualit\u00e4t der auf der Website befindlichen Daten und Information. Ebenso \u00fcbernimmt Gershausen.de keine Haftung f\u00fcr direkte oder indirekte Sch\u00e4den, die durch die Nutzung der auf der Website befindlichen Daten &hellip; <\/p>\n<p class=\"link-more\"><a href=\"https:\/\/gershausen.de\/?page_id=30\" class=\"more-link\"><span class=\"screen-reader-text\">\u201eImpressum\u201c<\/span> weiterlesen<\/a><\/p>\n","protected":false},"author":1,"featured_media":0,"parent":0,"menu_order":100,"comment_status":"closed","ping_status":"closed","template":"","meta":{"ngg_post_thumbnail":0,"footnotes":""},"class_list":["post-30","page","type-page","status-publish","hentry"],"_links":{"self":[{"href":"https:\/\/gershausen.de\/index.php?rest_route=\/wp\/v2\/pages\/30","targetHints":{"allow":["GET"]}}],"collection":[{"href":"https:\/\/gershausen.de\/index.php?rest_route=\/wp\/v2\/pages"}],"about":[{"href":"https:\/\/gershausen.de\/index.php?rest_route=\/wp\/v2\/types\/page"}],"author":[{"embeddable":true,"href":"https:\/\/gershausen.de\/index.php?rest_route=\/wp\/v2\/users\/1"}],"replies":[{"embeddable":true,"href":"https:\/\/gershausen.de\/index.php?rest_route=%2Fwp%2Fv2%2Fcomments&post=30"}],"version-history":[{"count":2,"href":"https:\/\/gershausen.de\/index.php?rest_route=\/wp\/v2\/pages\/30\/revisions"}],"predecessor-version":[{"id":32,"href":"https:\/\/gershausen.de\/index.php?rest_route=\/wp\/v2\/pages\/30\/revisions\/32"}],"wp:attachment":[{"href":"https:\/\/gershausen.de\/index.php?rest_route=%2Fwp%2Fv2%2Fmedia&parent=30"}],"curies":[{"name":"wp","href":"https:\/\/api.w.org\/{rel}","templated":true}]}}