{"id":60,"date":"2014-02-27T13:37:44","date_gmt":"2014-02-27T12:37:44","guid":{"rendered":"http:\/\/gershausen.de\/?page_id=60"},"modified":"2016-10-08T15:29:04","modified_gmt":"2016-10-08T13:29:04","slug":"unser-dorf","status":"publish","type":"page","link":"https:\/\/gershausen.de\/?page_id=60","title":{"rendered":"Unser Dorf"},"content":{"rendered":"<p>Gershausen ist ein Ortsteil der Gemeinde Kirchheim und liegt westlich der Kerngemeinde in den s\u00fcdlichen Ausl\u00e4ufern des Kn\u00fcllgebirges.<\/p>\n<p>Der Ort hat zur Zeit 327 Einwohner.<\/p>\n<p>Es besitzt einige Einrichtungen des \u00f6ffentlichen Lebens.<br \/>\n<a href=\"http:\/\/gershausen.de\/wp-content\/uploads\/2014\/02\/hohlweg_gershausen.jpg\"><img loading=\"lazy\" decoding=\"async\" class=\"alignleft size-large wp-image-62\" alt=\"hohlweg_gershausen\" src=\"http:\/\/gershausen.de\/wp-content\/uploads\/2014\/02\/hohlweg_gershausen-1024x449.jpg\" width=\"474\" height=\"207\" srcset=\"https:\/\/gershausen.de\/wp-content\/uploads\/2014\/02\/hohlweg_gershausen-1024x449.jpg 1024w, https:\/\/gershausen.de\/wp-content\/uploads\/2014\/02\/hohlweg_gershausen-300x131.jpg 300w\" sizes=\"auto, (max-width: 474px) 100vw, 474px\" \/><\/a>In der Ortsmitte befinden sich das Gasthaus Frank, auch Backsteinpalast genannt und das Dorfgemeinschaftshaus.<\/p>\n<p>Das Feuerwehrger\u00e4tehaus liegt unterhalb an der Ibra gelegen. Es wurde 1980 in Eigenregie der Feuerwehr erbaut.<\/p>\n<p>Oberhalb des Dorfes liegt der Sportplatz mit der Grillh\u00fctte. Hier trainiert der 1. FC Gershausen. F\u00fcr offizielle Spiele muss dieser aber nach Kirchheim ausweichen.<br \/>\nDie Grillh\u00fctte wurde 1989 durch die Feuerwehr als Schutzh\u00fctte erstellt. In den Jahren wurde sie immer wieder erweitert und verbessert.<br \/>\nDurch den 1. FC Gershausen wurde die H\u00fctte mit einer Umkleidekabine, Dusche und sanit\u00e4re Anlagen erweitert.<\/p>\n<p><a href=\"http:\/\/gershausen.de\/wp-content\/uploads\/2014\/02\/gershaeusersee.jpg\"><img loading=\"lazy\" decoding=\"async\" class=\"alignleft size-medium wp-image-61\" alt=\"gershaeusersee\" src=\"http:\/\/gershausen.de\/wp-content\/uploads\/2014\/02\/gershaeusersee-300x119.jpg\" width=\"300\" height=\"119\" srcset=\"https:\/\/gershausen.de\/wp-content\/uploads\/2014\/02\/gershaeusersee-300x119.jpg 300w, https:\/\/gershausen.de\/wp-content\/uploads\/2014\/02\/gershaeusersee.jpg 800w\" sizes=\"auto, (max-width: 300px) 100vw, 300px\" \/><\/a>Im Silbergraben liegt der Gersh\u00e4usener See. Er ist Startpunkt des Gersh\u00e4usener Volkstriathlons. Er befindet sich in Privatbesitz.<\/p>\n","protected":false},"excerpt":{"rendered":"<p>Gershausen ist ein Ortsteil der Gemeinde Kirchheim und liegt westlich der Kerngemeinde in den s\u00fcdlichen Ausl\u00e4ufern des Kn\u00fcllgebirges. Der Ort hat zur Zeit 327 Einwohner. Es besitzt einige Einrichtungen des \u00f6ffentlichen Lebens. In der Ortsmitte befinden sich das Gasthaus Frank, auch Backsteinpalast genannt und das Dorfgemeinschaftshaus. Das Feuerwehrger\u00e4tehaus liegt unterhalb an der Ibra gelegen. Es &hellip; <\/p>\n<p class=\"link-more\"><a href=\"https:\/\/gershausen.de\/?page_id=60\" class=\"more-link\"><span class=\"screen-reader-text\">\u201eUnser Dorf\u201c<\/span> weiterlesen<\/a><\/p>\n","protected":false},"author":1,"featured_media":0,"parent":0,"menu_order":1,"comment_status":"closed","ping_status":"closed","template":"","meta":{"ngg_post_thumbnail":0,"footnotes":""},"class_list":["post-60","page","type-page","status-publish","hentry"],"_links":{"self":[{"href":"https:\/\/gershausen.de\/index.php?rest_route=\/wp\/v2\/pages\/60","targetHints":{"allow":["GET"]}}],"collection":[{"href":"https:\/\/gershausen.de\/index.php?rest_route=\/wp\/v2\/pages"}],"about":[{"href":"https:\/\/gershausen.de\/index.php?rest_route=\/wp\/v2\/types\/page"}],"author":[{"embeddable":true,"href":"https:\/\/gershausen.de\/index.php?rest_route=\/wp\/v2\/users\/1"}],"replies":[{"embeddable":true,"href":"https:\/\/gershausen.de\/index.php?rest_route=%2Fwp%2Fv2%2Fcomments&post=60"}],"version-history":[{"count":1,"href":"https:\/\/gershausen.de\/index.php?rest_route=\/wp\/v2\/pages\/60\/revisions"}],"predecessor-version":[{"id":63,"href":"https:\/\/gershausen.de\/index.php?rest_route=\/wp\/v2\/pages\/60\/revisions\/63"}],"wp:attachment":[{"href":"https:\/\/gershausen.de\/index.php?rest_route=%2Fwp%2Fv2%2Fmedia&parent=60"}],"curies":[{"name":"wp","href":"https:\/\/api.w.org\/{rel}","templated":true}]}}